{"id":22,"date":"2023-03-18T20:46:46","date_gmt":"2023-03-18T20:46:46","guid":{"rendered":"https:\/\/florencebags.it\/?page_id=22"},"modified":"2023-07-06T17:03:48","modified_gmt":"2023-07-06T17:03:48","slug":"home","status":"publish","type":"page","link":"https:\/\/florencebags.it\/","title":{"rendered":"HOME"},"content":{"rendered":"<section class=\"wpb-content-wrapper\"><p>[vc_row][vc_column][vc_single_image image=&#8221;161&#8243; img_size=&#8221;full&#8221; css_animation=&#8221;fadeIn&#8221; el_id=&#8221;desktop&#8221; el_class=&#8221;desktop&#8221;][vc_single_image image=&#8221;98&#8243; img_size=&#8221;full&#8221; alignment=&#8221;center&#8221; css_animation=&#8221;fadeIn&#8221; el_id=&#8221;mobile&#8221; el_class=&#8221;mobile&#8221;][\/vc_column][\/vc_row][vc_row][vc_column][vc_raw_html]JTNDaDMlM0UlM0NkaXYlMjBzdHlsZSUzRCUyMnRleHQtYWxpZ24lM0ElMjBjZW50ZXIlM0IlMjIlM0VMYSUyMG51b3ZhJTIwQ29sbGV6aW9uZSUyMCUzQ3NjcmlwdCUzRWRvY3VtZW50LndyaXRlJTI4bmV3JTIwRGF0ZSUyOCUyOS5nZXRGdWxsWWVhciUyOCUyOSUyOSUzQyUyRnNjcmlwdCUzRSUyMGRpJTIwYm9yc2UlMjBlZCUyMGFjY2Vzc29yaSUyMG1vZGElMjBwZXIlMjBpbCUyMHRhcmdldCUyMGZlbW1pbmlsZS4lM0MlMkZkaXYlM0UlM0MlMkZoMyUzRQ==[\/vc_raw_html][vc_column_text]<\/p>\n<p style=\"text-align: center;\">Tutta la produzione\u00a0<strong>Florence Bags <\/strong>coniuga in maniera unica, alta qualit\u00e0 dei materiali, eleganza, stile, comodit\u00e0 d\u2019uso, puntando con il Suo stile innovativo, a seguire la donna in tutti i momenti della sua giornata.<\/p>\n<p>[\/vc_column_text][\/vc_column][\/vc_row][vc_row css=&#8221;.vc_custom_1679584961571{background-color: #f2f2f2 !important;}&#8221;][vc_column width=&#8221;1\/2&#8243; css=&#8221;.vc_custom_1679584996178{padding-top: 20px !important;}&#8221;][vc_single_image image=&#8221;126&#8243; img_size=&#8221;full&#8221; alignment=&#8221;center&#8221; css_animation=&#8221;fadeIn&#8221; css=&#8221;.vc_custom_1679584984835{margin-bottom: 0px !important;padding-bottom: 0px !important;}&#8221;][\/vc_column][vc_column width=&#8221;1\/2&#8243;][vc_empty_space height=&#8221;142px&#8221; el_class=&#8221;desktop&#8221;][vc_column_text]<\/p>\n<div style=\"text-align: center;\">\n<h2><a href=\"https:\/\/florencebags.it\/index.php\/gallery\/\">Scopri<br \/>\nla nuova Collezione<\/a><\/h2>\n<\/div>\n<p>[\/vc_column_text][\/vc_column][\/vc_row][vc_row][vc_column width=&#8221;1\/2&#8243;][vc_column_text]<strong>Florence Bags<\/strong> \u00e8 una nuova linea di borse ed accessori moda per il target femminile.<\/p>\n<p>Grazie alla sensibilit\u00e0 con cui segue l\u2019evoluzione e soprattutto le esigenze dell\u2019universo femminile, <strong>Florence Bags<\/strong>\u00a0punta ad affermarsi nel mondo della moda come Brand di qualit\u00e0 e di stile. La nostra creativit\u00e0 intreccia una variet\u00e0 di colori e materiali che fanno il punto di forza di questo Brand, con modelli adatti ad ogni circostanza e nello stesso tempo unici.[\/vc_column_text][\/vc_column][vc_column width=&#8221;1\/2&#8243;][vc_single_image image=&#8221;125&#8243; img_size=&#8221;full&#8221; alignment=&#8221;center&#8221; css_animation=&#8221;fadeIn&#8221;][\/vc_column][\/vc_row][vc_row][vc_column][vc_separator][\/vc_column][\/vc_row][vc_row][vc_column][vc_carousel_father spaces=&#8221;1&#8243; slide_visible=&#8221;4&#8243; tabs=&#8221;3&#8243; slide_visible_mbl=&#8221;2&#8243; arrow=&#8221;false&#8221; dotclr=&#8221;#976daf&#8221; dotposition=&#8221;&#8221; google_fonts=&#8221;font_family:Abril%20Fatface%3Aregular|font_style:400%20regular%3A400%3Anormal&#8221;][vc_carousel_son img_radius=&#8221;&#8221; image_id=&#8221;104&#8243;][\/vc_carousel_son][vc_carousel_son img_radius=&#8221;&#8221; image_id=&#8221;103&#8243;][\/vc_carousel_son][vc_carousel_son img_radius=&#8221;&#8221; image_id=&#8221;102&#8243;][\/vc_carousel_son][vc_carousel_son img_radius=&#8221;&#8221; image_id=&#8221;101&#8243;][\/vc_carousel_son][vc_carousel_son img_radius=&#8221;&#8221; image_id=&#8221;100&#8243;][\/vc_carousel_son][vc_carousel_son img_radius=&#8221;&#8221; image_id=&#8221;99&#8243;][\/vc_carousel_son][vc_carousel_son img_radius=&#8221;&#8221; image_id=&#8221;98&#8243;][\/vc_carousel_son][vc_carousel_son img_radius=&#8221;&#8221; image_id=&#8221;97&#8243;][\/vc_carousel_son][vc_carousel_son img_radius=&#8221;&#8221; image_id=&#8221;96&#8243;][\/vc_carousel_son][\/vc_carousel_father][\/vc_column][\/vc_row]<\/p>\n<\/section>","protected":false},"excerpt":{"rendered":"<p>[vc_row][vc_column][vc_single_image image=&#8221;161&#8243; img_size=&#8221;full&#8221; css_animation=&#8221;fadeIn&#8221; el_id=&#8221;desktop&#8221; el_class=&#8221;desktop&#8221;][vc_single_image image=&#8221;98&#8243; img_size=&#8221;full&#8221; alignment=&#8221;center&#8221; css_animation=&#8221;fadeIn&#8221; el_id=&#8221;mobile&#8221; el_class=&#8221;mobile&#8221;][\/vc_column][\/vc_row][vc_row][vc_column][vc_raw_html]JTNDaDMlM0UlM0NkaXYlMjBzdHlsZSUzRCUyMnRleHQtYWxpZ24lM0ElMjBjZW50ZXIlM0IlMjIlM0VMYSUyMG51b3ZhJTIwQ29sbGV6aW9uZSUyMCUzQ3NjcmlwdCUzRWRvY3VtZW50LndyaXRlJTI4bmV3JTIwRGF0ZSUyOCUyOS5nZXRGdWxsWWVhciUyOCUyOSUyOSUzQyUyRnNjcmlwdCUzRSUyMGRpJTIwYm9yc2UlMjBlZCUyMGFjY2Vzc29yaSUyMG1vZGElMjBwZXIlMjBpbCUyMHRhcmdldCUyMGZlbW1pbmlsZS4lM0MlMkZkaXYlM0UlM0MlMkZoMyUzRQ==[\/vc_raw_html][vc_column_text] Tutta la produzione\u00a0Florence Bags coniuga in maniera unica, alta qualit\u00e0 dei materiali, eleganza, stile, comodit\u00e0 d\u2019uso, puntando con il Suo stile innovativo, a seguire la donna in tutti<\/p>\n","protected":false},"author":1,"featured_media":0,"parent":0,"menu_order":0,"comment_status":"closed","ping_status":"closed","template":"","meta":[],"yoast_head":"<!-- This site is optimized with the Yoast SEO plugin v21.1 - https:\/\/yoast.com\/wordpress\/plugins\/seo\/ -->\n<title>HOME - Florence Bags<\/title>\n<meta name=\"robots\" content=\"index, follow, max-snippet:-1, max-image-preview:large, max-video-preview:-1\" \/>\n<link rel=\"canonical\" href=\"https:\/\/florencebags.it\/\" \/>\n<meta property=\"og:locale\" content=\"it_IT\" \/>\n<meta property=\"og:type\" content=\"article\" \/>\n<meta property=\"og:title\" content=\"HOME - Florence Bags\" \/>\n<meta property=\"og:description\" content=\"[vc_row][vc_column][vc_single_image image=&#8221;161&#8243; img_size=&#8221;full&#8221; css_animation=&#8221;fadeIn&#8221; el_id=&#8221;desktop&#8221; el_class=&#8221;desktop&#8221;][vc_single_image image=&#8221;98&#8243; img_size=&#8221;full&#8221; alignment=&#8221;center&#8221; css_animation=&#8221;fadeIn&#8221; el_id=&#8221;mobile&#8221; el_class=&#8221;mobile&#8221;][\/vc_column][\/vc_row][vc_row][vc_column][vc_raw_html]JTNDaDMlM0UlM0NkaXYlMjBzdHlsZSUzRCUyMnRleHQtYWxpZ24lM0ElMjBjZW50ZXIlM0IlMjIlM0VMYSUyMG51b3ZhJTIwQ29sbGV6aW9uZSUyMCUzQ3NjcmlwdCUzRWRvY3VtZW50LndyaXRlJTI4bmV3JTIwRGF0ZSUyOCUyOS5nZXRGdWxsWWVhciUyOCUyOSUyOSUzQyUyRnNjcmlwdCUzRSUyMGRpJTIwYm9yc2UlMjBlZCUyMGFjY2Vzc29yaSUyMG1vZGElMjBwZXIlMjBpbCUyMHRhcmdldCUyMGZlbW1pbmlsZS4lM0MlMkZkaXYlM0UlM0MlMkZoMyUzRQ==[\/vc_raw_html][vc_column_text] Tutta la produzione\u00a0Florence Bags coniuga in maniera unica, alta qualit\u00e0 dei materiali, eleganza, stile, comodit\u00e0 d\u2019uso, puntando con il Suo stile innovativo, a seguire la donna in tutti\" \/>\n<meta property=\"og:url\" content=\"https:\/\/florencebags.it\/\" \/>\n<meta property=\"og:site_name\" content=\"Florence Bags\" \/>\n<meta property=\"article:modified_time\" content=\"2023-07-06T17:03:48+00:00\" \/>\n<meta name=\"twitter:card\" content=\"summary_large_image\" \/>\n<meta name=\"twitter:label1\" content=\"Tempo di lettura stimato\" \/>\n\t<meta name=\"twitter:data1\" content=\"1 minuto\" \/>\n<script type=\"application\/ld+json\" class=\"yoast-schema-graph\">{\"@context\":\"https:\/\/schema.org\",\"@graph\":[{\"@type\":\"WebPage\",\"@id\":\"https:\/\/florencebags.it\/\",\"url\":\"https:\/\/florencebags.it\/\",\"name\":\"HOME - Florence Bags\",\"isPartOf\":{\"@id\":\"https:\/\/florencebags.it\/#website\"},\"datePublished\":\"2023-03-18T20:46:46+00:00\",\"dateModified\":\"2023-07-06T17:03:48+00:00\",\"breadcrumb\":{\"@id\":\"https:\/\/florencebags.it\/#breadcrumb\"},\"inLanguage\":\"it-IT\",\"potentialAction\":[{\"@type\":\"ReadAction\",\"target\":[\"https:\/\/florencebags.it\/\"]}]},{\"@type\":\"BreadcrumbList\",\"@id\":\"https:\/\/florencebags.it\/#breadcrumb\",\"itemListElement\":[{\"@type\":\"ListItem\",\"position\":1,\"name\":\"Home\",\"item\":\"https:\/\/florencebags.it\/\"},{\"@type\":\"ListItem\",\"position\":2,\"name\":\"HOME\"}]},{\"@type\":\"WebSite\",\"@id\":\"https:\/\/florencebags.it\/#website\",\"url\":\"https:\/\/florencebags.it\/\",\"name\":\"Florence Bags\",\"description\":\"Florence Bags\",\"publisher\":{\"@id\":\"https:\/\/florencebags.it\/#organization\"},\"potentialAction\":[{\"@type\":\"SearchAction\",\"target\":{\"@type\":\"EntryPoint\",\"urlTemplate\":\"https:\/\/florencebags.it\/?s={search_term_string}\"},\"query-input\":\"required name=search_term_string\"}],\"inLanguage\":\"it-IT\"},{\"@type\":\"Organization\",\"@id\":\"https:\/\/florencebags.it\/#organization\",\"name\":\"Florence Bags\",\"url\":\"https:\/\/florencebags.it\/\",\"logo\":{\"@type\":\"ImageObject\",\"inLanguage\":\"it-IT\",\"@id\":\"https:\/\/florencebags.it\/#\/schema\/logo\/image\/\",\"url\":\"https:\/\/florencebags.it\/wp-content\/uploads\/2023\/03\/Florence_Bags-01.jpg\",\"contentUrl\":\"https:\/\/florencebags.it\/wp-content\/uploads\/2023\/03\/Florence_Bags-01.jpg\",\"width\":201,\"height\":107,\"caption\":\"Florence Bags\"},\"image\":{\"@id\":\"https:\/\/florencebags.it\/#\/schema\/logo\/image\/\"}}]}<\/script>\n<!-- \/ Yoast SEO plugin. -->","yoast_head_json":{"title":"HOME - Florence Bags","robots":{"index":"index","follow":"follow","max-snippet":"max-snippet:-1","max-image-preview":"max-image-preview:large","max-video-preview":"max-video-preview:-1"},"canonical":"https:\/\/florencebags.it\/","og_locale":"it_IT","og_type":"article","og_title":"HOME - Florence Bags","og_description":"[vc_row][vc_column][vc_single_image image=&#8221;161&#8243; img_size=&#8221;full&#8221; css_animation=&#8221;fadeIn&#8221; el_id=&#8221;desktop&#8221; el_class=&#8221;desktop&#8221;][vc_single_image image=&#8221;98&#8243; img_size=&#8221;full&#8221; alignment=&#8221;center&#8221; css_animation=&#8221;fadeIn&#8221; el_id=&#8221;mobile&#8221; el_class=&#8221;mobile&#8221;][\/vc_column][\/vc_row][vc_row][vc_column][vc_raw_html]JTNDaDMlM0UlM0NkaXYlMjBzdHlsZSUzRCUyMnRleHQtYWxpZ24lM0ElMjBjZW50ZXIlM0IlMjIlM0VMYSUyMG51b3ZhJTIwQ29sbGV6aW9uZSUyMCUzQ3NjcmlwdCUzRWRvY3VtZW50LndyaXRlJTI4bmV3JTIwRGF0ZSUyOCUyOS5nZXRGdWxsWWVhciUyOCUyOSUyOSUzQyUyRnNjcmlwdCUzRSUyMGRpJTIwYm9yc2UlMjBlZCUyMGFjY2Vzc29yaSUyMG1vZGElMjBwZXIlMjBpbCUyMHRhcmdldCUyMGZlbW1pbmlsZS4lM0MlMkZkaXYlM0UlM0MlMkZoMyUzRQ==[\/vc_raw_html][vc_column_text] Tutta la produzione\u00a0Florence Bags coniuga in maniera unica, alta qualit\u00e0 dei materiali, eleganza, stile, comodit\u00e0 d\u2019uso, puntando con il Suo stile innovativo, a seguire la donna in tutti","og_url":"https:\/\/florencebags.it\/","og_site_name":"Florence Bags","article_modified_time":"2023-07-06T17:03:48+00:00","twitter_card":"summary_large_image","twitter_misc":{"Tempo di lettura stimato":"1 minuto"},"schema":{"@context":"https:\/\/schema.org","@graph":[{"@type":"WebPage","@id":"https:\/\/florencebags.it\/","url":"https:\/\/florencebags.it\/","name":"HOME - Florence Bags","isPartOf":{"@id":"https:\/\/florencebags.it\/#website"},"datePublished":"2023-03-18T20:46:46+00:00","dateModified":"2023-07-06T17:03:48+00:00","breadcrumb":{"@id":"https:\/\/florencebags.it\/#breadcrumb"},"inLanguage":"it-IT","potentialAction":[{"@type":"ReadAction","target":["https:\/\/florencebags.it\/"]}]},{"@type":"BreadcrumbList","@id":"https:\/\/florencebags.it\/#breadcrumb","itemListElement":[{"@type":"ListItem","position":1,"name":"Home","item":"https:\/\/florencebags.it\/"},{"@type":"ListItem","position":2,"name":"HOME"}]},{"@type":"WebSite","@id":"https:\/\/florencebags.it\/#website","url":"https:\/\/florencebags.it\/","name":"Florence Bags","description":"Florence Bags","publisher":{"@id":"https:\/\/florencebags.it\/#organization"},"potentialAction":[{"@type":"SearchAction","target":{"@type":"EntryPoint","urlTemplate":"https:\/\/florencebags.it\/?s={search_term_string}"},"query-input":"required name=search_term_string"}],"inLanguage":"it-IT"},{"@type":"Organization","@id":"https:\/\/florencebags.it\/#organization","name":"Florence Bags","url":"https:\/\/florencebags.it\/","logo":{"@type":"ImageObject","inLanguage":"it-IT","@id":"https:\/\/florencebags.it\/#\/schema\/logo\/image\/","url":"https:\/\/florencebags.it\/wp-content\/uploads\/2023\/03\/Florence_Bags-01.jpg","contentUrl":"https:\/\/florencebags.it\/wp-content\/uploads\/2023\/03\/Florence_Bags-01.jpg","width":201,"height":107,"caption":"Florence Bags"},"image":{"@id":"https:\/\/florencebags.it\/#\/schema\/logo\/image\/"}}]}},"_links":{"self":[{"href":"https:\/\/florencebags.it\/index.php\/wp-json\/wp\/v2\/pages\/22"}],"collection":[{"href":"https:\/\/florencebags.it\/index.php\/wp-json\/wp\/v2\/pages"}],"about":[{"href":"https:\/\/florencebags.it\/index.php\/wp-json\/wp\/v2\/types\/page"}],"author":[{"embeddable":true,"href":"https:\/\/florencebags.it\/index.php\/wp-json\/wp\/v2\/users\/1"}],"replies":[{"embeddable":true,"href":"https:\/\/florencebags.it\/index.php\/wp-json\/wp\/v2\/comments?post=22"}],"version-history":[{"count":40,"href":"https:\/\/florencebags.it\/index.php\/wp-json\/wp\/v2\/pages\/22\/revisions"}],"predecessor-version":[{"id":193,"href":"https:\/\/florencebags.it\/index.php\/wp-json\/wp\/v2\/pages\/22\/revisions\/193"}],"wp:attachment":[{"href":"https:\/\/florencebags.it\/index.php\/wp-json\/wp\/v2\/media?parent=22"}],"curies":[{"name":"wp","href":"https:\/\/api.w.org\/{rel}","templated":true}]}}