{"id":23,"date":"2023-03-18T20:46:51","date_gmt":"2023-03-18T20:46:51","guid":{"rendered":"https:\/\/florencebags.it\/?page_id=23"},"modified":"2023-07-06T17:02:14","modified_gmt":"2023-07-06T17:02:14","slug":"il-brand","status":"publish","type":"page","link":"https:\/\/florencebags.it\/index.php\/il-brand\/","title":{"rendered":"IL BRAND"},"content":{"rendered":"<section class=\"wpb-content-wrapper\"><p>[vc_row][vc_column width=&#8221;1\/2&#8243;][vc_column_text]<b>Florence Bags<\/b> \u00e8 una nuova linea di borse ed accessori moda per il target femminile.<\/p>\n<p>Grazie alla sensibilit\u00e0 con cui segue l\u2019evoluzione e soprattutto le esigenze dell\u2019universo femminile, <b>Florence Bags <\/b>punta ad affermarsi nel mondo della moda come Brand di qualit\u00e0 e di stile. La nostra creativit\u00e0 intreccia una variet\u00e0 di colori e materiali che fanno il punto di forza di questo Brand, con modelli adatti ad ogni circostanza e nello stesso tempo unici.<\/p>\n<p><a href=\"https:\/\/leathershopitaly.com\/it\/\" target=\"_blank\" rel=\"noopener noreferrer\">acquista online<\/a>[\/vc_column_text][\/vc_column][vc_column width=&#8221;1\/2&#8243;][vc_single_image image=&#8221;129&#8243; img_size=&#8221;full&#8221; alignment=&#8221;center&#8221; onclick=&#8221;link_image&#8221; css_animation=&#8221;fadeIn&#8221;][\/vc_column][\/vc_row][vc_row css=&#8221;.vc_custom_1679584099028{background-color: #f9f9f9 !important;}&#8221;][vc_column width=&#8221;1\/2&#8243; css=&#8221;.vc_custom_1679584197676{padding-top: 20px !important;}&#8221;][vc_single_image image=&#8221;128&#8243; img_size=&#8221;full&#8221; alignment=&#8221;center&#8221; onclick=&#8221;link_image&#8221; css_animation=&#8221;fadeIn&#8221; css=&#8221;.vc_custom_1679584161059{margin-bottom: 0px !important;padding-bottom: 0px !important;}&#8221;][\/vc_column][vc_column width=&#8221;1\/2&#8243;][vc_empty_space height=&#8221;62px&#8221; el_id=&#8221;desktop&#8221; el_class=&#8221;desktop&#8221;][vc_column_text]<\/p>\n<h3 style=\"text-align: center;\">Tutta la produzione <strong>Florence Bags<\/strong> coniuga in maniera unica, alta qualit\u00e0 dei materiali, eleganza, stile, comodit\u00e0 d\u2019uso, puntando con il Suo stile innovativo, a seguire la donna in tutti i momenti della sua giornata.<\/h3>\n<p style=\"text-align: center;\"><a href=\"https:\/\/leathershopitaly.com\/it\/\" target=\"_blank\" rel=\"noopener noreferrer\">acquista online<\/a><\/p>\n<p>[\/vc_column_text][\/vc_column][\/vc_row][vc_row][vc_column width=&#8221;1\/2&#8243;][vc_column_text]Gli articoli\u00a0<strong>Florence Bags <\/strong>sono unici ed inconfondibili, sobri ed eleganti e dimostrano tutto il gusto creativo della tradizione artigiana italiana.<\/p>\n<p>La cura dei dettagli e degli accessori, disegnati e realizzati appositamente per ogni singolo articolo, sono un segno distintivo di design.<\/p>\n<p>Ed in fine l\u2019impiego di pellame di alta qualit\u00e0, utilizzato in precedenza quasi esclusivamente nel mondo delle calzature; un\u2019autentica rivoluzione nel campo delle borse operata per prima da Florence Bags.[\/vc_column_text][\/vc_column][vc_column width=&#8221;1\/2&#8243;][vc_single_image image=&#8221;127&#8243; img_size=&#8221;full&#8221; alignment=&#8221;center&#8221; onclick=&#8221;link_image&#8221; css_animation=&#8221;fadeIn&#8221;][\/vc_column][\/vc_row]<\/p>\n<\/section>","protected":false},"excerpt":{"rendered":"<p>[vc_row][vc_column width=&#8221;1\/2&#8243;][vc_column_text]Florence Bags \u00e8 una nuova linea di borse ed accessori moda per il target femminile. Grazie alla sensibilit\u00e0 con cui segue l\u2019evoluzione e soprattutto le esigenze dell\u2019universo femminile, Florence Bags punta ad affermarsi nel mondo della moda come Brand<\/p>\n","protected":false},"author":1,"featured_media":0,"parent":0,"menu_order":0,"comment_status":"closed","ping_status":"closed","template":"","meta":[],"yoast_head":"<!-- This site is optimized with the Yoast SEO plugin v21.1 - https:\/\/yoast.com\/wordpress\/plugins\/seo\/ -->\n<title>IL BRAND - Florence Bags<\/title>\n<meta name=\"robots\" content=\"index, follow, max-snippet:-1, max-image-preview:large, max-video-preview:-1\" \/>\n<link rel=\"canonical\" href=\"https:\/\/florencebags.it\/index.php\/il-brand\/\" \/>\n<meta property=\"og:locale\" content=\"it_IT\" \/>\n<meta property=\"og:type\" content=\"article\" \/>\n<meta property=\"og:title\" content=\"IL BRAND - Florence Bags\" \/>\n<meta property=\"og:description\" content=\"[vc_row][vc_column width=&#8221;1\/2&#8243;][vc_column_text]Florence Bags \u00e8 una nuova linea di borse ed accessori moda per il target femminile. Grazie alla sensibilit\u00e0 con cui segue l\u2019evoluzione e soprattutto le esigenze dell\u2019universo femminile, Florence Bags punta ad affermarsi nel mondo della moda come Brand\" \/>\n<meta property=\"og:url\" content=\"https:\/\/florencebags.it\/index.php\/il-brand\/\" \/>\n<meta property=\"og:site_name\" content=\"Florence Bags\" \/>\n<meta property=\"article:modified_time\" content=\"2023-07-06T17:02:14+00:00\" \/>\n<meta name=\"twitter:card\" content=\"summary_large_image\" \/>\n<meta name=\"twitter:label1\" content=\"Tempo di lettura stimato\" \/>\n\t<meta name=\"twitter:data1\" content=\"2 minuti\" \/>\n<script type=\"application\/ld+json\" class=\"yoast-schema-graph\">{\"@context\":\"https:\/\/schema.org\",\"@graph\":[{\"@type\":\"WebPage\",\"@id\":\"https:\/\/florencebags.it\/index.php\/il-brand\/\",\"url\":\"https:\/\/florencebags.it\/index.php\/il-brand\/\",\"name\":\"IL BRAND - Florence Bags\",\"isPartOf\":{\"@id\":\"https:\/\/florencebags.it\/#website\"},\"datePublished\":\"2023-03-18T20:46:51+00:00\",\"dateModified\":\"2023-07-06T17:02:14+00:00\",\"breadcrumb\":{\"@id\":\"https:\/\/florencebags.it\/index.php\/il-brand\/#breadcrumb\"},\"inLanguage\":\"it-IT\",\"potentialAction\":[{\"@type\":\"ReadAction\",\"target\":[\"https:\/\/florencebags.it\/index.php\/il-brand\/\"]}]},{\"@type\":\"BreadcrumbList\",\"@id\":\"https:\/\/florencebags.it\/index.php\/il-brand\/#breadcrumb\",\"itemListElement\":[{\"@type\":\"ListItem\",\"position\":1,\"name\":\"Home\",\"item\":\"https:\/\/florencebags.it\/\"},{\"@type\":\"ListItem\",\"position\":2,\"name\":\"IL BRAND\"}]},{\"@type\":\"WebSite\",\"@id\":\"https:\/\/florencebags.it\/#website\",\"url\":\"https:\/\/florencebags.it\/\",\"name\":\"Florence Bags\",\"description\":\"Florence Bags\",\"publisher\":{\"@id\":\"https:\/\/florencebags.it\/#organization\"},\"potentialAction\":[{\"@type\":\"SearchAction\",\"target\":{\"@type\":\"EntryPoint\",\"urlTemplate\":\"https:\/\/florencebags.it\/?s={search_term_string}\"},\"query-input\":\"required name=search_term_string\"}],\"inLanguage\":\"it-IT\"},{\"@type\":\"Organization\",\"@id\":\"https:\/\/florencebags.it\/#organization\",\"name\":\"Florence Bags\",\"url\":\"https:\/\/florencebags.it\/\",\"logo\":{\"@type\":\"ImageObject\",\"inLanguage\":\"it-IT\",\"@id\":\"https:\/\/florencebags.it\/#\/schema\/logo\/image\/\",\"url\":\"https:\/\/florencebags.it\/wp-content\/uploads\/2023\/03\/Florence_Bags-01.jpg\",\"contentUrl\":\"https:\/\/florencebags.it\/wp-content\/uploads\/2023\/03\/Florence_Bags-01.jpg\",\"width\":201,\"height\":107,\"caption\":\"Florence Bags\"},\"image\":{\"@id\":\"https:\/\/florencebags.it\/#\/schema\/logo\/image\/\"}}]}<\/script>\n<!-- \/ Yoast SEO plugin. -->","yoast_head_json":{"title":"IL BRAND - Florence Bags","robots":{"index":"index","follow":"follow","max-snippet":"max-snippet:-1","max-image-preview":"max-image-preview:large","max-video-preview":"max-video-preview:-1"},"canonical":"https:\/\/florencebags.it\/index.php\/il-brand\/","og_locale":"it_IT","og_type":"article","og_title":"IL BRAND - Florence Bags","og_description":"[vc_row][vc_column width=&#8221;1\/2&#8243;][vc_column_text]Florence Bags \u00e8 una nuova linea di borse ed accessori moda per il target femminile. Grazie alla sensibilit\u00e0 con cui segue l\u2019evoluzione e soprattutto le esigenze dell\u2019universo femminile, Florence Bags punta ad affermarsi nel mondo della moda come Brand","og_url":"https:\/\/florencebags.it\/index.php\/il-brand\/","og_site_name":"Florence Bags","article_modified_time":"2023-07-06T17:02:14+00:00","twitter_card":"summary_large_image","twitter_misc":{"Tempo di lettura stimato":"2 minuti"},"schema":{"@context":"https:\/\/schema.org","@graph":[{"@type":"WebPage","@id":"https:\/\/florencebags.it\/index.php\/il-brand\/","url":"https:\/\/florencebags.it\/index.php\/il-brand\/","name":"IL BRAND - Florence Bags","isPartOf":{"@id":"https:\/\/florencebags.it\/#website"},"datePublished":"2023-03-18T20:46:51+00:00","dateModified":"2023-07-06T17:02:14+00:00","breadcrumb":{"@id":"https:\/\/florencebags.it\/index.php\/il-brand\/#breadcrumb"},"inLanguage":"it-IT","potentialAction":[{"@type":"ReadAction","target":["https:\/\/florencebags.it\/index.php\/il-brand\/"]}]},{"@type":"BreadcrumbList","@id":"https:\/\/florencebags.it\/index.php\/il-brand\/#breadcrumb","itemListElement":[{"@type":"ListItem","position":1,"name":"Home","item":"https:\/\/florencebags.it\/"},{"@type":"ListItem","position":2,"name":"IL BRAND"}]},{"@type":"WebSite","@id":"https:\/\/florencebags.it\/#website","url":"https:\/\/florencebags.it\/","name":"Florence Bags","description":"Florence Bags","publisher":{"@id":"https:\/\/florencebags.it\/#organization"},"potentialAction":[{"@type":"SearchAction","target":{"@type":"EntryPoint","urlTemplate":"https:\/\/florencebags.it\/?s={search_term_string}"},"query-input":"required name=search_term_string"}],"inLanguage":"it-IT"},{"@type":"Organization","@id":"https:\/\/florencebags.it\/#organization","name":"Florence Bags","url":"https:\/\/florencebags.it\/","logo":{"@type":"ImageObject","inLanguage":"it-IT","@id":"https:\/\/florencebags.it\/#\/schema\/logo\/image\/","url":"https:\/\/florencebags.it\/wp-content\/uploads\/2023\/03\/Florence_Bags-01.jpg","contentUrl":"https:\/\/florencebags.it\/wp-content\/uploads\/2023\/03\/Florence_Bags-01.jpg","width":201,"height":107,"caption":"Florence Bags"},"image":{"@id":"https:\/\/florencebags.it\/#\/schema\/logo\/image\/"}}]}},"_links":{"self":[{"href":"https:\/\/florencebags.it\/index.php\/wp-json\/wp\/v2\/pages\/23"}],"collection":[{"href":"https:\/\/florencebags.it\/index.php\/wp-json\/wp\/v2\/pages"}],"about":[{"href":"https:\/\/florencebags.it\/index.php\/wp-json\/wp\/v2\/types\/page"}],"author":[{"embeddable":true,"href":"https:\/\/florencebags.it\/index.php\/wp-json\/wp\/v2\/users\/1"}],"replies":[{"embeddable":true,"href":"https:\/\/florencebags.it\/index.php\/wp-json\/wp\/v2\/comments?post=23"}],"version-history":[{"count":13,"href":"https:\/\/florencebags.it\/index.php\/wp-json\/wp\/v2\/pages\/23\/revisions"}],"predecessor-version":[{"id":192,"href":"https:\/\/florencebags.it\/index.php\/wp-json\/wp\/v2\/pages\/23\/revisions\/192"}],"wp:attachment":[{"href":"https:\/\/florencebags.it\/index.php\/wp-json\/wp\/v2\/media?parent=23"}],"curies":[{"name":"wp","href":"https:\/\/api.w.org\/{rel}","templated":true}]}}