{"id":3,"date":"2023-03-02T18:09:47","date_gmt":"2023-03-02T18:09:47","guid":{"rendered":"https:\/\/florencebags.it\/?page_id=3"},"modified":"2023-03-23T12:09:50","modified_gmt":"2023-03-23T12:09:50","slug":"privacy-policy","status":"publish","type":"page","link":"https:\/\/florencebags.it\/index.php\/privacy-policy\/","title":{"rendered":"Privacy Policy"},"content":{"rendered":"<section class=\"wpb-content-wrapper\"><p>[vc_row][vc_column][vc_column_text]<strong>Ai sensi dell&#8217;art. 13 del D.Lgs. n. 196\/2003 &#8211;<\/strong><br \/>\n<strong>Codice in materia di protezione dei dati personali.<\/strong><\/p>\n<p>Questa informativa \u00e8 fornita, ai sensi dell&#8217;art. 13 del d.lgs. n. 196\/2003 (Codice in materia di protezione dei dati personali), agli Utenti che interagiscono con i nostri servizi web, accessibili per via telematica a partire dall\u2019indirizzo: florencebags.it, corrispondente alla pagina (Privacy\/Ingresso e\/o altre) del sito.<\/p>\n<p>La presente informativa descrive le modalit\u00e0 di gestione del sito web gestito medesimo e non anche di altri siti web esterni consultabili dall\u2019utente tramite link.<\/p>\n<p>Informazioni aggiuntive potranno essere fornite all\u2019interno dei differenti canali di accesso, suddivisi sulla base degli argomenti trattati (Aree Tematiche).<\/p>\n<p><strong>1. Tipi di dati trattati<\/strong><\/p>\n<p>I sistemi informatici e gli applicativi dedicati al funzionamento di questo sito web rilevano, nel corso del loro normale funzionamento, alcuni dati (la cui trasmissione \u00e8 implicita nell\u2019uso dei protocolli di comunicazione di Internet) non associati ad Utenti direttamente identificabili.<\/p>\n<p>Tra i dati raccolti sono compresi gli indirizzi IP ed i nomi di dominio del computer utilizzati dagli Utenti che si connettono al sito, gli indirizzi in notazione URI (Uniform Resource Identifier) delle risorse richieste, l\u2019orario della richiesta, il metodo utilizzato nel sottoporre la richiesta al server, la dimensione del file ottenuto in risposta.<\/p>\n<p>Questi dati vengono trattati, per il tempo strettamente necessario, al solo fine di ricavare informazioni statistiche anonime sull\u2019uso del sito e per controllarne il regolare funzionamento.<\/p>\n<p>L\u2019invio volontario ed esplicito di posta elettronica agli indirizzi indicati, nei differenti canali di accesso di questo sito, e la compilazione dei \u201cformat\u201d (maschere) specificamente predisposti, comportano la successiva acquisizione dell\u2019indirizzo e dei dati del mittente\/utente necessari per rispondere alle istanze prodotte e\/o erogare il servizio richiesto.<\/p>\n<p>Specifiche informative di sintesi saranno riportate o visualizzate nelle pagine del sito predisposte per particolari servizi a richiesta.<\/p>\n<p><strong>2. Finalit\u00e0 del trattamento dei dati<\/strong><\/p>\n<p>Estrem Srl effettua trattamenti di dati personali nei limiti di quanto ci\u00f2 sia strettamente necessario allo svolgimento delle funzioni istituzionali, escludendo il trattamento quando le finalit\u00e0 perseguite possono essere realizzate mediante dati anonimi o modalit\u00e0 che permettono di identificare l\u2019interessato solo in caso di necessit\u00e0.<\/p>\n<p>Specifiche finalit\u00e0, relative ai singoli trattamenti, potranno essere segnalate in maniera dettagliata nell\u2019ambito dei vari canali di accesso.<\/p>\n<p>All\u2019interno di essi l\u2019Utente potr\u00e0 trovare informazioni integrative sul trattamento dei dati personali.<\/p>\n<p><strong>3. Modalit\u00e0 del trattamento<\/strong><\/p>\n<p>I dati personali sono trattati con strumenti automatizzati per il tempo strettamente necessario a conseguire gli scopi per cui sono raccolti.<\/p>\n<p><strong>4. Facoltativit\u00e0 del conferimento dei dati<\/strong><\/p>\n<p>L\u2019utente \u00e8 libero di fornire i dati personali riportati nei moduli di richiesta dei vari servizi offerti nel sito\/portale; il mancato conferimento dei dati richiesti obbligatoriamente comporter\u00e0 l\u2019impossibilit\u00e0 di ottenere il servizio.<\/p>\n<p><strong>5. Comunicazione e\/o diffusione dei dati<\/strong><\/p>\n<p>I dati personali degli Utenti che chiedono l\u2019invio di materiale informativo (mailing-list, risposte a quesiti, avvisi e newsletter, atti e provvedimenti, etc.) sono utilizzati unicamente al fine di eseguire il servizio o la prestazione richiesta e sono comunicati a terzi nei soli casi in cui:<\/p>\n<p>ci\u00f2 \u00e8 necessario per l\u2019adempimento delle richieste (ad esempio servizio di spedizione della documentazione richiesta);<\/p>\n<p>la comunicazione \u00e8 imposta da obblighi di legge o di regolamento;<\/p>\n<p>durante un procedimento legale.<\/p>\n<p>I trattamenti connessi ai servizi web di questo sito sono curati da Estrem Srl, incaricata del trattamento.<\/p>\n<p><strong>6. Il \u201ctitolare\u201d del trattamento<\/strong><\/p>\n<p>Il \u201ctitolare\u201d del trattamento dei dati, relativi a persone identificate o identificabili che hanno consultato questo sito, \u00e8 Estrem Srl.<\/p>\n<p><strong>7. Diritti degli interessati<\/strong><\/p>\n<p>Gli \u201cinteressati\u201d, ovvero le persone fisiche, le persone giuridiche, gli enti o le associazioni cui si riferiscono i dati, hanno il diritto, in qualunque momento, di ottenere la conferma dell\u2019esistenza o meno dei medesimi dati e di conoscerne il contenuto e l\u2019origine, verificarne l\u2019esattezza o chiederne l\u2019integrazione o l\u2019aggiornamento, oppure la rettificazione ai sensi dell\u2019art. 7 del D.Lgs. 30\/06\/2003, n. 196.<\/p>\n<p>Ai sensi del medesimo articolo gli interessati hanno altres\u00ec il diritto di chiedere la cancellazione, la trasformazione in forma anonima o il blocco dei dati che li riguardano, trattati in violazione di legge, nonch\u00e9 di opporsi in ogni caso, per motivi legittimi, al loro trattamento.<\/p>\n<p><strong>8. Cookie<\/strong><br \/>\nLa navigazione dell&#8217;utente sul sito florencebags.it \u00e8 registrata da cookie. I cookie sono piccoli file di testo che vengono scaricati sul browser dell&#8217;utente consentendo l&#8217;analisi delle sue abitudini di navigazione sul sito. Dopo la prima visita al sito, la registrazione dei cookie permette di riconoscere che l&#8217;utente \u00e8 gi\u00e0 stato sul sito e consente a fornitori di terze parti, compresi Google e Double Click, di pubblicare annunci per florencebags.it su siti internet appartenenti alle loro reti.<\/p>\n<p>La navigazione degli utenti sul sito florencebags.it determina, attraverso la registrazione dei cookie, l&#8217;attivazione di annunci di Remarketing e\/o Display su siti Google o di terze parti che rimandano al sito florencebags.it.<\/p>\n<p>Il percorso di navigazione seguito dall&#8217;utente durante la sua navigazione, registrato attraverso i cookie, concorre a determinare l&#8217;attivazione di annunci di Remarketing.<br \/>\nPer maggiori informazioni sul Remarketing di Google \u00e8 possibile visitare la paginahttp:\/\/support.google.com\/adwords\/answer\/2454003?hl=it&amp;rd=1<\/p>\n<p>Gli utenti possono disattivare la registrazione dei cookie dal proprio browser seguendo le indicazioni riportate alle pagine<\/p>\n<p>Norme e Principi Google per la Privacy<br \/>\nNorme per la disattivazione della Behavioral Advertising:<br \/>\nGestione Preferenza Annunci:<\/p>\n<p>Il sito internet florencebags.it\u00a0utilizza il servizio &#8220;Google Analytics&#8221; della societ\u00e0 Google Inc. che a sua volta fa uso di cookie. Le informazioni da essi ottenute vengono trasferite e memorizzate in un server negli Stati Uniti di propriet\u00e0 di Google.<br \/>\nL&#8217;utente pu\u00f2 disattivare i cookie attraverso le specifiche opzioni di impostazione dei diversi browser o scaricando l&#8217;Add-on<br \/>\nhttps:\/\/tools.google.com\/dlpage\/gaoptout\/[\/vc_column_text][\/vc_column][\/vc_row]<\/p>\n<\/section>","protected":false},"excerpt":{"rendered":"<p>[vc_row][vc_column][vc_column_text]Ai sensi dell&#8217;art. 13 del D.Lgs. n. 196\/2003 &#8211; Codice in materia di protezione dei dati personali. Questa informativa \u00e8 fornita, ai sensi dell&#8217;art. 13 del d.lgs. n. 196\/2003 (Codice in materia di protezione dei dati personali), agli Utenti che<\/p>\n","protected":false},"author":1,"featured_media":0,"parent":0,"menu_order":0,"comment_status":"closed","ping_status":"closed","template":"","meta":[],"yoast_head":"<!-- This site is optimized with the Yoast SEO plugin v21.1 - https:\/\/yoast.com\/wordpress\/plugins\/seo\/ -->\n<title>Privacy Policy - Florence Bags<\/title>\n<meta name=\"robots\" content=\"index, follow, max-snippet:-1, max-image-preview:large, max-video-preview:-1\" \/>\n<link rel=\"canonical\" href=\"https:\/\/florencebags.it\/index.php\/privacy-policy\/\" \/>\n<meta property=\"og:locale\" content=\"it_IT\" \/>\n<meta property=\"og:type\" content=\"article\" \/>\n<meta property=\"og:title\" content=\"Privacy Policy - Florence Bags\" \/>\n<meta property=\"og:description\" content=\"[vc_row][vc_column][vc_column_text]Ai sensi dell&#8217;art. 13 del D.Lgs. n. 196\/2003 &#8211; Codice in materia di protezione dei dati personali. Questa informativa \u00e8 fornita, ai sensi dell&#8217;art. 13 del d.lgs. n. 196\/2003 (Codice in materia di protezione dei dati personali), agli Utenti che\" \/>\n<meta property=\"og:url\" content=\"https:\/\/florencebags.it\/index.php\/privacy-policy\/\" \/>\n<meta property=\"og:site_name\" content=\"Florence Bags\" \/>\n<meta property=\"article:modified_time\" content=\"2023-03-23T12:09:50+00:00\" \/>\n<meta name=\"twitter:card\" content=\"summary_large_image\" \/>\n<meta name=\"twitter:label1\" content=\"Tempo di lettura stimato\" \/>\n\t<meta name=\"twitter:data1\" content=\"5 minuti\" \/>\n<script type=\"application\/ld+json\" class=\"yoast-schema-graph\">{\"@context\":\"https:\/\/schema.org\",\"@graph\":[{\"@type\":\"WebPage\",\"@id\":\"https:\/\/florencebags.it\/index.php\/privacy-policy\/\",\"url\":\"https:\/\/florencebags.it\/index.php\/privacy-policy\/\",\"name\":\"Privacy Policy - Florence Bags\",\"isPartOf\":{\"@id\":\"https:\/\/florencebags.it\/#website\"},\"datePublished\":\"2023-03-02T18:09:47+00:00\",\"dateModified\":\"2023-03-23T12:09:50+00:00\",\"breadcrumb\":{\"@id\":\"https:\/\/florencebags.it\/index.php\/privacy-policy\/#breadcrumb\"},\"inLanguage\":\"it-IT\",\"potentialAction\":[{\"@type\":\"ReadAction\",\"target\":[\"https:\/\/florencebags.it\/index.php\/privacy-policy\/\"]}]},{\"@type\":\"BreadcrumbList\",\"@id\":\"https:\/\/florencebags.it\/index.php\/privacy-policy\/#breadcrumb\",\"itemListElement\":[{\"@type\":\"ListItem\",\"position\":1,\"name\":\"Home\",\"item\":\"https:\/\/florencebags.it\/\"},{\"@type\":\"ListItem\",\"position\":2,\"name\":\"Privacy Policy\"}]},{\"@type\":\"WebSite\",\"@id\":\"https:\/\/florencebags.it\/#website\",\"url\":\"https:\/\/florencebags.it\/\",\"name\":\"Florence Bags\",\"description\":\"Florence Bags\",\"publisher\":{\"@id\":\"https:\/\/florencebags.it\/#organization\"},\"potentialAction\":[{\"@type\":\"SearchAction\",\"target\":{\"@type\":\"EntryPoint\",\"urlTemplate\":\"https:\/\/florencebags.it\/?s={search_term_string}\"},\"query-input\":\"required name=search_term_string\"}],\"inLanguage\":\"it-IT\"},{\"@type\":\"Organization\",\"@id\":\"https:\/\/florencebags.it\/#organization\",\"name\":\"Florence Bags\",\"url\":\"https:\/\/florencebags.it\/\",\"logo\":{\"@type\":\"ImageObject\",\"inLanguage\":\"it-IT\",\"@id\":\"https:\/\/florencebags.it\/#\/schema\/logo\/image\/\",\"url\":\"https:\/\/florencebags.it\/wp-content\/uploads\/2023\/03\/Florence_Bags-01.jpg\",\"contentUrl\":\"https:\/\/florencebags.it\/wp-content\/uploads\/2023\/03\/Florence_Bags-01.jpg\",\"width\":201,\"height\":107,\"caption\":\"Florence Bags\"},\"image\":{\"@id\":\"https:\/\/florencebags.it\/#\/schema\/logo\/image\/\"}}]}<\/script>\n<!-- \/ Yoast SEO plugin. -->","yoast_head_json":{"title":"Privacy Policy - Florence Bags","robots":{"index":"index","follow":"follow","max-snippet":"max-snippet:-1","max-image-preview":"max-image-preview:large","max-video-preview":"max-video-preview:-1"},"canonical":"https:\/\/florencebags.it\/index.php\/privacy-policy\/","og_locale":"it_IT","og_type":"article","og_title":"Privacy Policy - Florence Bags","og_description":"[vc_row][vc_column][vc_column_text]Ai sensi dell&#8217;art. 13 del D.Lgs. n. 196\/2003 &#8211; Codice in materia di protezione dei dati personali. Questa informativa \u00e8 fornita, ai sensi dell&#8217;art. 13 del d.lgs. n. 196\/2003 (Codice in materia di protezione dei dati personali), agli Utenti che","og_url":"https:\/\/florencebags.it\/index.php\/privacy-policy\/","og_site_name":"Florence Bags","article_modified_time":"2023-03-23T12:09:50+00:00","twitter_card":"summary_large_image","twitter_misc":{"Tempo di lettura stimato":"5 minuti"},"schema":{"@context":"https:\/\/schema.org","@graph":[{"@type":"WebPage","@id":"https:\/\/florencebags.it\/index.php\/privacy-policy\/","url":"https:\/\/florencebags.it\/index.php\/privacy-policy\/","name":"Privacy Policy - Florence Bags","isPartOf":{"@id":"https:\/\/florencebags.it\/#website"},"datePublished":"2023-03-02T18:09:47+00:00","dateModified":"2023-03-23T12:09:50+00:00","breadcrumb":{"@id":"https:\/\/florencebags.it\/index.php\/privacy-policy\/#breadcrumb"},"inLanguage":"it-IT","potentialAction":[{"@type":"ReadAction","target":["https:\/\/florencebags.it\/index.php\/privacy-policy\/"]}]},{"@type":"BreadcrumbList","@id":"https:\/\/florencebags.it\/index.php\/privacy-policy\/#breadcrumb","itemListElement":[{"@type":"ListItem","position":1,"name":"Home","item":"https:\/\/florencebags.it\/"},{"@type":"ListItem","position":2,"name":"Privacy Policy"}]},{"@type":"WebSite","@id":"https:\/\/florencebags.it\/#website","url":"https:\/\/florencebags.it\/","name":"Florence Bags","description":"Florence Bags","publisher":{"@id":"https:\/\/florencebags.it\/#organization"},"potentialAction":[{"@type":"SearchAction","target":{"@type":"EntryPoint","urlTemplate":"https:\/\/florencebags.it\/?s={search_term_string}"},"query-input":"required name=search_term_string"}],"inLanguage":"it-IT"},{"@type":"Organization","@id":"https:\/\/florencebags.it\/#organization","name":"Florence Bags","url":"https:\/\/florencebags.it\/","logo":{"@type":"ImageObject","inLanguage":"it-IT","@id":"https:\/\/florencebags.it\/#\/schema\/logo\/image\/","url":"https:\/\/florencebags.it\/wp-content\/uploads\/2023\/03\/Florence_Bags-01.jpg","contentUrl":"https:\/\/florencebags.it\/wp-content\/uploads\/2023\/03\/Florence_Bags-01.jpg","width":201,"height":107,"caption":"Florence Bags"},"image":{"@id":"https:\/\/florencebags.it\/#\/schema\/logo\/image\/"}}]}},"_links":{"self":[{"href":"https:\/\/florencebags.it\/index.php\/wp-json\/wp\/v2\/pages\/3"}],"collection":[{"href":"https:\/\/florencebags.it\/index.php\/wp-json\/wp\/v2\/pages"}],"about":[{"href":"https:\/\/florencebags.it\/index.php\/wp-json\/wp\/v2\/types\/page"}],"author":[{"embeddable":true,"href":"https:\/\/florencebags.it\/index.php\/wp-json\/wp\/v2\/users\/1"}],"replies":[{"embeddable":true,"href":"https:\/\/florencebags.it\/index.php\/wp-json\/wp\/v2\/comments?post=3"}],"version-history":[{"count":4,"href":"https:\/\/florencebags.it\/index.php\/wp-json\/wp\/v2\/pages\/3\/revisions"}],"predecessor-version":[{"id":80,"href":"https:\/\/florencebags.it\/index.php\/wp-json\/wp\/v2\/pages\/3\/revisions\/80"}],"wp:attachment":[{"href":"https:\/\/florencebags.it\/index.php\/wp-json\/wp\/v2\/media?parent=3"}],"curies":[{"name":"wp","href":"https:\/\/api.w.org\/{rel}","templated":true}]}}